{"id":1095,"date":"2022-06-03T09:47:24","date_gmt":"2022-06-03T09:47:24","guid":{"rendered":"http:\/\/regjistritkj.al\/?page_id=1095"},"modified":"2022-10-26T09:54:31","modified_gmt":"2022-10-26T09:54:31","slug":"links-of-institutions-responsible-for-intangible-cultural-heritage","status":"publish","type":"page","link":"https:\/\/regjistritkj.al\/en\/links-of-institutions-responsible-for-intangible-cultural-heritage\/","title":{"rendered":"Links of institutions responsible for intangible cultural heritage."},"content":{"rendered":"\n<p><a href=\"https:\/\/kultura.gov.al\/en\/kerkesa\/\">Ministry of Culture<\/a><\/p>\n\n\n\n<p><a href=\"http:\/\/ikrtk.gov.al\/\" target=\"_blank\" rel=\"noreferrer noopener\">Instituti Komb\u00ebtar i Regjistrimit t\u00eb Trash\u00ebgimis\u00eb Kulturore<\/a><\/p>\n\n\n\n<p><a href=\"https:\/\/www.facebook.com\/qkvf.gov.al\/\" target=\"_blank\" rel=\"noreferrer noopener\">Q\u00ebndra Komb\u00ebtare e Veprimtarive Tradicionale<\/a><\/p>\n\n\n\n<p><a href=\"http:\/\/iaksa.edu.al\/en\/main-page-2\/\" target=\"_blank\" rel=\"noreferrer noopener\">Instituti Antropologjis\u00eb Kulturore dhe Studimit t\u00eb Artit<\/a><\/p>\n","protected":false},"excerpt":{"rendered":"<p>Ministry of Culture Instituti Komb\u00ebtar i Regjistrimit t\u00eb Trash\u00ebgimis\u00eb Kulturore Q\u00ebndra Komb\u00ebtare e Veprimtarive Tradicionale Instituti Antropologjis\u00eb Kulturore dhe Studimit t\u00eb Artit<\/p>\n","protected":false},"author":1,"featured_media":0,"parent":0,"menu_order":0,"comment_status":"closed","ping_status":"closed","template":"","meta":{"_acf_changed":false,"inline_featured_image":false,"footnotes":""},"class_list":["post-1095","page","type-page","status-publish","hentry"],"acf":[],"yoast_head":"<!-- This site is optimized with the Yoast SEO plugin v23.4 - https:\/\/yoast.com\/wordpress\/plugins\/seo\/ -->\n<title>Links of institutions responsible for intangible cultural heritage. - Trashegimia Kulturore Jomateriale<\/title>\n<meta name=\"robots\" content=\"index, follow, max-snippet:-1, max-image-preview:large, max-video-preview:-1\" \/>\n<link rel=\"canonical\" href=\"https:\/\/regjistritkj.al\/en\/links-of-institutions-responsible-for-intangible-cultural-heritage\/\" \/>\n<meta property=\"og:locale\" content=\"en_US\" \/>\n<meta property=\"og:type\" content=\"article\" \/>\n<meta property=\"og:title\" content=\"Links of institutions responsible for intangible cultural heritage. - Trashegimia Kulturore Jomateriale\" \/>\n<meta property=\"og:description\" content=\"Ministry of Culture Instituti Komb\u00ebtar i Regjistrimit t\u00eb Trash\u00ebgimis\u00eb Kulturore Q\u00ebndra Komb\u00ebtare e Veprimtarive Tradicionale Instituti Antropologjis\u00eb Kulturore dhe Studimit t\u00eb Artit\" \/>\n<meta property=\"og:url\" content=\"https:\/\/regjistritkj.al\/en\/links-of-institutions-responsible-for-intangible-cultural-heritage\/\" \/>\n<meta property=\"og:site_name\" content=\"Trashegimia Kulturore Jomateriale\" \/>\n<meta property=\"article:modified_time\" content=\"2022-10-26T09:54:31+00:00\" \/>\n<meta name=\"twitter:card\" content=\"summary_large_image\" \/>\n<meta name=\"twitter:label1\" content=\"Est. reading time\" \/>\n\t<meta name=\"twitter:data1\" content=\"1 minute\" \/>\n<script type=\"application\/ld+json\" class=\"yoast-schema-graph\">{\"@context\":\"https:\/\/schema.org\",\"@graph\":[{\"@type\":\"WebPage\",\"@id\":\"https:\/\/regjistritkj.al\/en\/links-of-institutions-responsible-for-intangible-cultural-heritage\/\",\"url\":\"https:\/\/regjistritkj.al\/en\/links-of-institutions-responsible-for-intangible-cultural-heritage\/\",\"name\":\"Links of institutions responsible for intangible cultural heritage. - Trashegimia Kulturore Jomateriale\",\"isPartOf\":{\"@id\":\"https:\/\/regjistritkj.al\/#website\"},\"datePublished\":\"2022-06-03T09:47:24+00:00\",\"dateModified\":\"2022-10-26T09:54:31+00:00\",\"breadcrumb\":{\"@id\":\"https:\/\/regjistritkj.al\/en\/links-of-institutions-responsible-for-intangible-cultural-heritage\/#breadcrumb\"},\"inLanguage\":\"en-US\",\"potentialAction\":[{\"@type\":\"ReadAction\",\"target\":[\"https:\/\/regjistritkj.al\/en\/links-of-institutions-responsible-for-intangible-cultural-heritage\/\"]}]},{\"@type\":\"BreadcrumbList\",\"@id\":\"https:\/\/regjistritkj.al\/en\/links-of-institutions-responsible-for-intangible-cultural-heritage\/#breadcrumb\",\"itemListElement\":[{\"@type\":\"ListItem\",\"position\":1,\"name\":\"Home\",\"item\":\"https:\/\/regjistritkj.al\/en\/\"},{\"@type\":\"ListItem\",\"position\":2,\"name\":\"Links of institutions responsible for intangible cultural heritage.\"}]},{\"@type\":\"WebSite\",\"@id\":\"https:\/\/regjistritkj.al\/#website\",\"url\":\"https:\/\/regjistritkj.al\/\",\"name\":\"Trashegimia Kulturore Jomateriale\",\"description\":\"Trashegimia Kulturore Jomateriale\",\"potentialAction\":[{\"@type\":\"SearchAction\",\"target\":{\"@type\":\"EntryPoint\",\"urlTemplate\":\"https:\/\/regjistritkj.al\/?s={search_term_string}\"},\"query-input\":{\"@type\":\"PropertyValueSpecification\",\"valueRequired\":true,\"valueName\":\"search_term_string\"}}],\"inLanguage\":\"en-US\"}]}<\/script>\n<!-- \/ Yoast SEO plugin. -->","yoast_head_json":{"title":"Links of institutions responsible for intangible cultural heritage. - Trashegimia Kulturore Jomateriale","robots":{"index":"index","follow":"follow","max-snippet":"max-snippet:-1","max-image-preview":"max-image-preview:large","max-video-preview":"max-video-preview:-1"},"canonical":"https:\/\/regjistritkj.al\/en\/links-of-institutions-responsible-for-intangible-cultural-heritage\/","og_locale":"en_US","og_type":"article","og_title":"Links of institutions responsible for intangible cultural heritage. - Trashegimia Kulturore Jomateriale","og_description":"Ministry of Culture Instituti Komb\u00ebtar i Regjistrimit t\u00eb Trash\u00ebgimis\u00eb Kulturore Q\u00ebndra Komb\u00ebtare e Veprimtarive Tradicionale Instituti Antropologjis\u00eb Kulturore dhe Studimit t\u00eb Artit","og_url":"https:\/\/regjistritkj.al\/en\/links-of-institutions-responsible-for-intangible-cultural-heritage\/","og_site_name":"Trashegimia Kulturore Jomateriale","article_modified_time":"2022-10-26T09:54:31+00:00","twitter_card":"summary_large_image","twitter_misc":{"Est. reading time":"1 minute"},"schema":{"@context":"https:\/\/schema.org","@graph":[{"@type":"WebPage","@id":"https:\/\/regjistritkj.al\/en\/links-of-institutions-responsible-for-intangible-cultural-heritage\/","url":"https:\/\/regjistritkj.al\/en\/links-of-institutions-responsible-for-intangible-cultural-heritage\/","name":"Links of institutions responsible for intangible cultural heritage. - Trashegimia Kulturore Jomateriale","isPartOf":{"@id":"https:\/\/regjistritkj.al\/#website"},"datePublished":"2022-06-03T09:47:24+00:00","dateModified":"2022-10-26T09:54:31+00:00","breadcrumb":{"@id":"https:\/\/regjistritkj.al\/en\/links-of-institutions-responsible-for-intangible-cultural-heritage\/#breadcrumb"},"inLanguage":"en-US","potentialAction":[{"@type":"ReadAction","target":["https:\/\/regjistritkj.al\/en\/links-of-institutions-responsible-for-intangible-cultural-heritage\/"]}]},{"@type":"BreadcrumbList","@id":"https:\/\/regjistritkj.al\/en\/links-of-institutions-responsible-for-intangible-cultural-heritage\/#breadcrumb","itemListElement":[{"@type":"ListItem","position":1,"name":"Home","item":"https:\/\/regjistritkj.al\/en\/"},{"@type":"ListItem","position":2,"name":"Links of institutions responsible for intangible cultural heritage."}]},{"@type":"WebSite","@id":"https:\/\/regjistritkj.al\/#website","url":"https:\/\/regjistritkj.al\/","name":"Trashegimia Kulturore Jomateriale","description":"Trashegimia Kulturore Jomateriale","potentialAction":[{"@type":"SearchAction","target":{"@type":"EntryPoint","urlTemplate":"https:\/\/regjistritkj.al\/?s={search_term_string}"},"query-input":{"@type":"PropertyValueSpecification","valueRequired":true,"valueName":"search_term_string"}}],"inLanguage":"en-US"}]}},"_links":{"self":[{"href":"https:\/\/regjistritkj.al\/en\/wp-json\/wp\/v2\/pages\/1095"}],"collection":[{"href":"https:\/\/regjistritkj.al\/en\/wp-json\/wp\/v2\/pages"}],"about":[{"href":"https:\/\/regjistritkj.al\/en\/wp-json\/wp\/v2\/types\/page"}],"author":[{"embeddable":true,"href":"https:\/\/regjistritkj.al\/en\/wp-json\/wp\/v2\/users\/1"}],"replies":[{"embeddable":true,"href":"https:\/\/regjistritkj.al\/en\/wp-json\/wp\/v2\/comments?post=1095"}],"version-history":[{"count":2,"href":"https:\/\/regjistritkj.al\/en\/wp-json\/wp\/v2\/pages\/1095\/revisions"}],"predecessor-version":[{"id":4533,"href":"https:\/\/regjistritkj.al\/en\/wp-json\/wp\/v2\/pages\/1095\/revisions\/4533"}],"wp:attachment":[{"href":"https:\/\/regjistritkj.al\/en\/wp-json\/wp\/v2\/media?parent=1095"}],"curies":[{"name":"wp","href":"https:\/\/api.w.org\/{rel}","templated":true}]}}